{"id":18,"date":"2025-11-23T07:40:00","date_gmt":"2025-11-23T07:40:00","guid":{"rendered":"https:\/\/www.mlchailloux.ovh\/?page_id=18"},"modified":"2026-02-05T14:58:08","modified_gmt":"2026-02-05T13:58:08","slug":"accueil","status":"publish","type":"page","link":"https:\/\/www.mlchailloux.fr\/","title":{"rendered":"Accueil"},"content":{"rendered":"\n<h2 class=\"wp-block-heading has-large-font-size\">Coach personnelle et professionnelle en Vend\u00e9e<\/h2>\n\n\n\n<p class=\"has-text-color has-link-color wp-elements-9987e511facc6080fdba62fe8d1d602f\" style=\"color:#363636;font-size:17px\"><strong>Marie-Laure Chailloux,<\/strong><br>Accompagnatrice en \u00e9volution personnelle et professionnelle<br>Coach personnelle et professionnelle certifi\u00e9e RNCP<br>Consultante en bilan de comp\u00e9tences<\/p>\n\n\n<div class=\"wp-block-image is-style-rounded\">\n<figure class=\"aligncenter size-large is-resized\"><img loading=\"lazy\" decoding=\"async\" width=\"683\" height=\"1024\" src=\"http:\/\/www.mlchailloux.ovh\/wp-content\/uploads\/2025\/11\/photo-Orientaction-2-683x1024.jpeg\" alt=\"\" class=\"wp-image-433\" style=\"aspect-ratio:0.6669965363681346;width:319px;height:auto\" srcset=\"https:\/\/www.mlchailloux.fr\/wp-content\/uploads\/2025\/11\/photo-Orientaction-2-683x1024.jpeg 683w, https:\/\/www.mlchailloux.fr\/wp-content\/uploads\/2025\/11\/photo-Orientaction-2-200x300.jpeg 200w, https:\/\/www.mlchailloux.fr\/wp-content\/uploads\/2025\/11\/photo-Orientaction-2-scaled.jpeg 1707w\" sizes=\"auto, (max-width: 683px) 100vw, 683px\" \/><\/figure>\n<\/div>\n\n\n<blockquote class=\"wp-block-quote is-layout-flow wp-block-quote-is-layout-flow\" style=\"line-height:1\">\n<h2 class=\"wp-block-heading has-text-align-center has-medium-font-size\" style=\"line-height:1.5\">\u00ab\u00a0Retrouvez le sens et le plaisir au travail\u00a0\u00bb<\/h2>\n<\/blockquote>\n\n\n\n<p>Mon accompagnement s\u2019adresse \u00e0 toutes les personnes qui souhaitent faire <strong>\u00e9voluer<\/strong> leur carri\u00e8re, retrouver du <strong>sens<\/strong>, se <strong>reconvertir<\/strong> ou prendre <strong>confiance<\/strong> en elles.<\/p>\n\n\n\n<div class=\"wp-block-buttons is-content-justification-center is-layout-flex wp-container-core-buttons-is-layout-16018d1d wp-block-buttons-is-layout-flex\">\n<div class=\"wp-block-button\"><a class=\"wp-block-button__link has-background wp-element-button\" href=\"https:\/\/www.mlchailloux.fr\/index.php\/contact-2\/\" style=\"background-color:#00b5bc\">Contactez-moi<\/a><\/div>\n<\/div>\n\n\n\n<div style=\"height:24px\" aria-hidden=\"true\" class=\"wp-block-spacer\"><\/div>\n","protected":false},"excerpt":{"rendered":"<p>Coach personnelle et professionnelle en Vend\u00e9e Marie-Laure Chailloux,Accompagnatrice en \u00e9volution personnelle et professionnelleCoach personnelle et professionnelle certifi\u00e9e RNCPConsultante en bilan de comp\u00e9tences \u00ab\u00a0Retrouvez le sens et le plaisir au travail\u00a0\u00bb &hellip; <\/p>\n<p class=\"link-more\"><a href=\"https:\/\/www.mlchailloux.fr\/\" class=\"more-link\">Continuer la lecture<span class=\"screen-reader-text\"> de &laquo;&nbsp;Accueil&nbsp;&raquo;<\/span><\/a><\/p>\n","protected":false},"author":1,"featured_media":0,"parent":0,"menu_order":0,"comment_status":"closed","ping_status":"closed","template":"","meta":{"footnotes":""},"class_list":["post-18","page","type-page","status-publish","hentry"],"_links":{"self":[{"href":"https:\/\/www.mlchailloux.fr\/index.php\/wp-json\/wp\/v2\/pages\/18","targetHints":{"allow":["GET"]}}],"collection":[{"href":"https:\/\/www.mlchailloux.fr\/index.php\/wp-json\/wp\/v2\/pages"}],"about":[{"href":"https:\/\/www.mlchailloux.fr\/index.php\/wp-json\/wp\/v2\/types\/page"}],"author":[{"embeddable":true,"href":"https:\/\/www.mlchailloux.fr\/index.php\/wp-json\/wp\/v2\/users\/1"}],"replies":[{"embeddable":true,"href":"https:\/\/www.mlchailloux.fr\/index.php\/wp-json\/wp\/v2\/comments?post=18"}],"version-history":[{"count":30,"href":"https:\/\/www.mlchailloux.fr\/index.php\/wp-json\/wp\/v2\/pages\/18\/revisions"}],"predecessor-version":[{"id":631,"href":"https:\/\/www.mlchailloux.fr\/index.php\/wp-json\/wp\/v2\/pages\/18\/revisions\/631"}],"wp:attachment":[{"href":"https:\/\/www.mlchailloux.fr\/index.php\/wp-json\/wp\/v2\/media?parent=18"}],"curies":[{"name":"wp","href":"https:\/\/api.w.org\/{rel}","templated":true}]}}