{"id":344,"date":"2025-11-23T15:40:51","date_gmt":"2025-11-23T14:40:51","guid":{"rendered":"https:\/\/www.mlchailloux.ovh\/?page_id=344"},"modified":"2025-11-30T11:23:55","modified_gmt":"2025-11-30T10:23:55","slug":"rendez-vous-psio","status":"publish","type":"page","link":"https:\/\/www.mlchailloux.fr\/index.php\/rendez-vous-psio\/","title":{"rendered":"Rendez-vous Psio"},"content":{"rendered":"\n<h2 class=\"wp-block-heading has-large-font-size\">Rendez-vous psio<\/h2>\n\n\n\n<h2 class=\"wp-block-heading\">S\u00e9ance d\u00e9couverte gratuite<\/h2>\n\n\n\n<p>Sans engagement, ni obligation d\u2019achat, <strong>je vous offre une s\u00e9ance de d\u00e9couverte GRATUITE<\/strong>.<\/p>\n\n\n\n<h4 class=\"wp-block-heading\">S\u00e9ances et ateliers bien-\u00eatre<\/h4>\n\n\n\n<p>Je propose des <strong>s\u00e9ances d\u00e9couvertes individuelles<\/strong> <strong>ou collectives<\/strong> afin que vous puissiez ressentir par vous-m\u00eame les bienfaits de cet outil.<br>Chaque exp\u00e9rience est personnalis\u00e9e selon vos besoins : gestion du stress, sommeil, confiance, concentration, ou simplement d\u00e9tente profonde.<\/p>\n\n\n\n<h2 class=\"wp-block-heading\">Tarifs des s\u00e9ances de PSIO :<\/h2>\n\n\n\n<ul class=\"wp-block-list\">\n<li>Tarif 1 s\u00e9ance : 20\u20ac<\/li>\n\n\n\n<li>Forfait 5 s\u00e9ances : 85\u20ac<\/li>\n\n\n\n<li>Forfait 10 s\u00e9ances : 160 \u20ac<\/li>\n<\/ul>\n\n\n\n<p class=\"has-small-font-size\"><em><strong>Important : <\/strong>pour toute personne en bonne sant\u00e9, l&rsquo;utilisation du PSiO ne comporte aucun danger et aucun effet secondaire n&rsquo;est connu en trente ans d&rsquo;utilisation sur des centaines de milliers d&rsquo;utilisateurs. Cependant, il existe des situations o\u00f9 il est pr\u00e9f\u00e9rable de consulter votre m\u00e9decin traitant avant d&rsquo;utiliser le PSiO notamment si vous souffrez du c\u0153ur, du syst\u00e8me nerveux ou du cerveau. Par exemple, il est strictement contre-indiqu\u00e9 d&rsquo;utiliser le PSiO si vous \u00eates atteints d&rsquo;\u00e9pilepsie photosensible. Il est imp\u00e9ratif de m&rsquo;en informer au pr\u00e9alable et de consultez votre m\u00e9decin traitant si vous avez des doutes ou des questions \u00e0 ce sujet. Veuillez noter que la soci\u00e9t\u00e9 PSYCHOMED ne fait aucune promesse de traitement de quoique ce soit \u00e0 l&rsquo;aide du PSiO, celui-ci \u00e9tant simplement un appareil de profonde relaxation pour l&rsquo;esprit<\/em>.<\/p>\n\n\n\n<h2 class=\"wp-block-heading\">R\u00e9servez votre \u00e9change t\u00e9l\u00e9phonique pour planifier une s\u00e9ance<\/h2>\n\n\n<div class=\"mpa-shortcode appointment-form-shortcode\">\n<div class=\"mpa-booking-step mpa-booking-step-service-form mpa-hide\">\n\t<form class=\"mpa-service-form\" method=\"POST\" action=\"\">\n\t\t\t\t\t<p class=\"mpa-shortcode-title\">\n\t\t\t\tRendez-vous psio\t\t\t<\/p>\n\t\t\n\t\t\n\t\t<p class=\"mpa-input-wrapper mpa-service-wrapper\">\n\t\t\t<label for=\"mpa-service-69d2766159c26\">\n\t\t\t\tService\t\t\t\t<strong><abbr title=\"Champs obligatoires\">*<\/abbr><\/strong>\t\t\t<\/label>\n\n\t\t\t<select id=\"mpa-service-69d2766159c26\" class=\"mpa-service\" data-default=\"382\" data-is-hidden=\"true\"><option value=\"\" selected='selected'>\u2014 S\u00e9lectionner \u2014<\/option><\/select>\t\t<\/p>\n\n\t\t\n\t\t\t\t\t<p class=\"mpa-input-wrapper mpa-employee-wrapper\">\n\t\t\t\t<label for=\"mpa-employee-69d2766159c26\">\n\t\t\t\t\tEmploy\u00e9\t\t\t\t<\/label>\n\n\t\t\t\t<select id=\"mpa-employee-69d2766159c26\" class=\"mpa-employee mpa-optional-select\" data-default=\"377\" data-is-hidden=\"true\"><option value=\"0\" selected='selected'>\u2014 N&#039;importe quel \u2014<\/option><\/select>\t\t\t<\/p>\n\t\t\n\t\t<p class=\"mpa-actions\">\n\t\t\t<button type=\"button\" class=\"button button-primary mpa-button-next\" disabled=\"disabled\">Suivant<\/button>\t\t<\/p>\n\t<\/form>\n\n\t<div class=\"mpa-loading\"><\/div>\n<\/div>\n<div class=\"mpa-booking-step mpa-booking-step-period mpa-hide\">\n\t<p class=\"mpa-shortcode-title\">\n\t\tS\u00e9lectionner la date et l&#039;heure\t<\/p>\n\n\t<div class=\"mpa-input-container\">\n\t\t<div class=\"mpa-input-wrapper mpa-date-wrapper\">\n\t\t\t<input class=\"mpa-date mpa-hide\" type=\"hidden\" value=\"\">\n\n\t\t\t<div class=\"mpa-loading\"><\/div>\n\t\t<\/div>\n\n\t\t<div class=\"mpa-input-wrapper mpa-time-wrapper mpa-hide\">\n\t\t\t<div class=\"mpa-times-container\">\n\t\t\t\t<div class=\"mpa-times  mpa-three-columns\"><\/div>\n\t\t\t<\/div>\n\t\t<\/div>\n\t<\/div>\n\n\t<p class=\"mpa-actions mpa-hide\">\n\t\t<button type=\"button\" class=\"button button-secondary mpa-button-back\">Retourner<\/button>\t\t<button type=\"button\" class=\"button button-primary mpa-button-next\">Suivant<\/button>\t<\/p>\n\n\t<div class=\"mpa-loading\"><\/div>\n<\/div>\n<div class=\"mpa-booking-step mpa-booking-step-cart mpa-hide\">\n\t<p class=\"mpa-shortcode-title\">\n\t\tVotre r\u00e9servation\t<\/p>\n\n\t<div class=\"mpa-cart\">\n\t\t<div class=\"mpa-cart-items\">\n\t\t\t<div class=\"mpa-cart-item mpa-cart-item-template\">\n\t\t\t\t<div class=\"item-header\">\n\t\t\t\t\t<div class=\"cell cell-service\">\n\t\t\t\t\t\t<span class=\"cell-value mpa-service-name\">{service_name}<\/span>\n\t\t\t\t\t<\/div>\n\t\t\t\t\t<div class=\"cell cell-date\">\n\t\t\t\t\t\t<div class=\"cell-value\">\n\t\t\t\t\t\t\t<span class=\"mpa-reservation-date\">{reservation_date}<\/span> &middot; <span class=\"mpa-reservation-time\">{reservation_time}<\/span>\t\t\t\t\t\t<\/div>\n\t\t\t\t\t<\/div>\n\t\t\t\t<\/div>\n\t\t\t\t<div class=\"item-body\">\n\t\t\t\t\t<div class=\"cell cell-location\">\n\t\t\t\t\t\t<p class=\"cell-title\">\n\t\t\t\t\t\tLocalisation\t\t\t\t\t\t<\/p>\n\t\t\t\t\t\t<span class=\"cell-value mpa-location-name\">{location_name}<\/span>\n\t\t\t\t\t<\/div>\n\t\t\t\t\t<div class=\"cell cell-people\">\n\t\t\t\t\t\t<p class=\"cell-title mpa-capacity-label\">Clients<\/p>\n\t\t\t\t\t\t<div class=\"cell-value mpa-reservation-capacity\">{reservation_capacity}<\/div>\n\t\t\t\t\t<\/div>\n\t\t\t\t\t<div class=\"cell cell-employee\">\n\t\t\t\t\t\t<p class=\"cell-title\">\n\t\t\t\t\t\tEmploy\u00e9\t\t\t\t\t\t<\/p>\n\t\t\t\t\t\t<span class=\"cell-value mpa-employee-name\">{employee_name}<\/span>\n\t\t\t\t\t<\/div>\n\t\t\t\t\t<div class=\"cell cell-price\">\n\t\t\t\t\t\t<p class=\"cell-title\">Prix<\/p>\n\t\t\t\t\t\t<span class=\"cell-value mpa-reservation-price\">{reservation_price}<\/span>\n\t\t\t\t\t<\/div>\n\t\t\t\t<\/div>\n\t\t\t\t<div class=\"item-footer\">\n\t\t\t\t\t<div class=\"cell cell-actions\">\n\t\t\t\t\t\t<button type=\"button\" class=\"button button-secondary mpa-button-edit-or-remove\">Modifier<\/button>\t\t\t\t\t<\/div>\n\t\t\t\t<\/div>\n\t\t\t<\/div>\n\n\t\t\t<div class=\"no-items\">\n\t\t\t\tVotre panier est vide.\t\t\t<\/div>\n\t\t<\/div>\n\t<\/div>\n\n\t<p class=\"mpa-cart-total\">\n\t\tTotal: <span class=\"mpa-cart-total-price\"><span class=\"mpa-price\"><span class=\"mpa-currency\">&euro;<\/span>0<\/span><\/span>\t<\/p>\n\n\t<p class=\"mpa-actions mpa-hide\">\n\t\t\n\t\t<button type=\"button\" class=\"button button-primary mpa-button-next\">Suivant<\/button>\t<\/p>\n<\/div>\n<div class=\"mpa-booking-step mpa-booking-step-checkout mpa-hide\">\n\t<form class=\"mpa-checkout-form\" method=\"POST\" action=\"\">\n\t\t<section class=\"mpa-customer-details mpa-checkout-section\">\n\t\t\t<p class=\"mpa-shortcode-title\">\n\t\t\t\tVos informations\t\t\t<\/p>\n\n\t\t\t<p class=\"mpa-required-tip\">\n\t\t\t\t<small>Les champs obligatoires sont suivis de <strong><abbr title=\"Champs obligatoires\">*<\/abbr><\/strong>.<\/small>\t\t\t<\/p>\n\n\t\t\t\n<p class=\"mpa-input-wrapper mpa-customer-name-wrapper\">\n\t<label for=\"mpa-customer-name-69d276615a1a4\">\n\t\tNom\t\t<strong><abbr title=\"Champs obligatoires\">*<\/abbr><\/strong>\t<\/label>\n\t<input\n\t\tid=\"mpa-customer-name-69d276615a1a4\"\n\t\tclass=\"mpa-customer-name\"\n\t\ttype=\"text\"\n\t\tname=\"name\"\n\t\tplaceholder=\"Nom\"\n\t\trequired=\"required\">\n<\/p>\n\n<p class=\"mpa-input-wrapper mpa-customer-email-wrapper\">\n\t<label for=\"mpa-customer-email-69d276615a1a4\">\n\t\tCourriel\t\t<strong><abbr title=\"Champs obligatoires\">*<\/abbr><\/strong>\t<\/label>\n\t<input\n\t\tid=\"mpa-customer-email-69d276615a1a4\"\n\t\tclass=\"mpa-customer-email\"\n\t\ttype=\"email\"\n\t\tname=\"email\"\n\t\tplaceholder=\"Courriel\"\n\t\trequired=\"required\">\n<\/p>\n\n<p class=\"mpa-input-wrapper mpa-customer-phone-wrapper\">\n\t<label for=\"mpa-customer-phone-69d276615a1a4\">\n\t\tT\u00e9l\u00e9phone\t\t<strong><abbr title=\"Champs obligatoires\">*<\/abbr><\/strong>\t<\/label>\n\t<input\n\t\tid=\"mpa-customer-phone-69d276615a1a4\"\n\t\tclass=\"mpa-customer-phone\"\n\t\ttype=\"tel\"\n\t\tname=\"tel\"\n\t\tplaceholder=\"\"\n\t\tautocomplete=\"on\"\n\t\trequired=\"required\"\n\t>\n<\/p>\n\n<p class=\"mpa-input-wrapper mpa-customer-notes-wrapper\">\n\t<label for=\"mpa-customer-notes-69d276615a1a4\">\n\t\tNotes de r\u00e9servation\t<\/label>\n\t<textarea\n\t\tid=\"mpa-customer-notes-69d276615a1a4\"\n\t\tclass=\"mpa-customer-notes\"\n\t\tname=\"notes\"\n\t\trows=\"4\"><\/textarea>\n<\/p>\n\t\t\t        <\/section>\n\n        <section class=\"mpa-checkout-section mpa-order-details\">\n\t<p class=\"mpa-shortcode-title\">\n\t\tVotre commande\t<\/p>\n\n\t<div class=\"mpa-order\"><\/div>\n<\/section>\n\n\t\t\t\t\t\t\t\n\t\t<p class=\"mpa-actions\">\n\t\t\t<button type=\"button\" class=\"button button-secondary mpa-button-back\">Retourner<\/button>\t\t\t<button type=\"submit\" class=\"button button-primary mpa-button-next\" disabled=\"disabled\">R\u00e9server<\/button>\t\t<\/p>\n\t<\/form>\n<\/div>\n<div class=\"mpa-booking-step mpa-booking-step-payment mpa-hide\">\n\t<form class=\"mpa-checkout-form\" method=\"POST\" action=\"\">\n\t\t\n\t\t\n\t\t<section class=\"mpa-billing-details mpa-checkout-section\">\n\t\t\t<p class=\"mpa-shortcode-title mpa-payment-gateways-title\">\n\t\t\t\tMode de paiement\t\t\t<\/p>\n\n\t\t\t\t\t\t\t<p class=\"mpa-no-payment-gateways\">\n\t\t\t\t\tD\u00e9sol\u00e9, il semble qu&#039;il n&#039;existe pas de m\u00e9thodes de paiement disponibles.\t\t\t\t<\/p>\n\t\t\t\t\t<\/section>\n\n\t\t\n        <p class=\"mpa-message mpa-error mpa-hide\"><\/p>\n\n\t\t<p class=\"mpa-actions\">\n\t\t\t<button type=\"button\" class=\"button button-secondary mpa-button-back\">Retourner<\/button>\t\t\t<button type=\"submit\" class=\"button button-primary mpa-button-next\" disabled=\"disabled\">R\u00e9server<\/button>\t\t<\/p>\n\t<\/form>\n\n\t<div class=\"mpa-loading\"><\/div>\n<\/div>\n<div class=\"mpa-booking-step mpa-booking-step-booking mpa-hide\">\n    <p class=\"mpa-message\">\n\t\tFaire une r\u00e9servation...        <span class=\"mpa-preloader\"><\/span>\n    <\/p>\n\n\t\t\t<div class=\"mpa-booking-details mpa-hide\">\n    <div class=\"mpa-booking-details-section booking-reservations\">\n        <div class=\"reservation\">\n            <div class=\"mpa-booking-details-section-row\">\n                <span class=\"cell reservation-title value\"><\/span>\n                <div class=\"cell reservation-full-date value\">\n                    <span class=\"reservation-date\"><\/span> &middot; <span class=\"reservation-time\"><\/span>                <\/div>\n            <\/div>\n\n            <div class=\"reservation-calendar-links mpa-booking-details-section-row\">\n                <span class=\"cell label\">Add to your calendar: <\/span>\n                <div class=\"cell value\">\n                    <a href=\"#\" target=\"_blank\" class=\"mpa-add-to-calendar-link mpa-add-to-calendar-link--google\"\n                        title=\"Google\"><span class=\"mpa-add-to-calendar-link-text\">Google<\/span><\/a>,\n                    <a href=\"#\" target=\"_self\" class=\"mpa-add-to-calendar-link mpa-add-to-calendar-link--apple\"\n                        download=\"cal.ics\" title=\"Apple\"><span class=\"mpa-add-to-calendar-link-text\">Apple<\/span><\/a>,\n                    <a href=\"#\" target=\"_self\" class=\"mpa-add-to-calendar-link mpa-add-to-calendar-link--outlook\"\n                        download=\"cal.ics\" title=\"Outlook\"><span class=\"mpa-add-to-calendar-link-text\">Outlook<\/span><\/a>,\n                    <a href=\"#\" target=\"_blank\" class=\"mpa-add-to-calendar-link mpa-add-to-calendar-link--yahoo\"\n                        title=\"Yahoo!\"><span class=\"mpa-add-to-calendar-link-text\">Yahoo!<\/span><\/a>\n                <\/div>\n            <\/div>\n        <\/div>\n    <\/div>\n\t<\/div>\t\n    <p class=\"mpa-actions mpa-hide\">\n\t\t<button type=\"button\" class=\"button button-secondary mpa-button-back\">Retourner<\/button>\t\t<button type=\"button\" class=\"button button-primary mpa-button-reset\">Ajouter une nouvelle r\u00e9servation<\/button>    <\/p>\n<\/div>\n\n<p class=\"mpa-message mpa-error mpa-hide\"><\/p>\n\n<div class=\"mpa-loading\"><\/div>\n<\/div>\n","protected":false},"excerpt":{"rendered":"<p>Rendez-vous psio S\u00e9ance d\u00e9couverte gratuite Sans engagement, ni obligation d\u2019achat, je vous offre une s\u00e9ance de d\u00e9couverte GRATUITE. S\u00e9ances et ateliers bien-\u00eatre Je propose des s\u00e9ances d\u00e9couvertes individuelles ou collectives &hellip; <\/p>\n<p class=\"link-more\"><a href=\"https:\/\/www.mlchailloux.fr\/index.php\/rendez-vous-psio\/\" class=\"more-link\">Continuer la lecture<span class=\"screen-reader-text\"> de &laquo;&nbsp;Rendez-vous Psio&nbsp;&raquo;<\/span><\/a><\/p>\n","protected":false},"author":2,"featured_media":0,"parent":0,"menu_order":0,"comment_status":"closed","ping_status":"closed","template":"","meta":{"footnotes":""},"class_list":["post-344","page","type-page","status-publish","hentry"],"_links":{"self":[{"href":"https:\/\/www.mlchailloux.fr\/index.php\/wp-json\/wp\/v2\/pages\/344","targetHints":{"allow":["GET"]}}],"collection":[{"href":"https:\/\/www.mlchailloux.fr\/index.php\/wp-json\/wp\/v2\/pages"}],"about":[{"href":"https:\/\/www.mlchailloux.fr\/index.php\/wp-json\/wp\/v2\/types\/page"}],"author":[{"embeddable":true,"href":"https:\/\/www.mlchailloux.fr\/index.php\/wp-json\/wp\/v2\/users\/2"}],"replies":[{"embeddable":true,"href":"https:\/\/www.mlchailloux.fr\/index.php\/wp-json\/wp\/v2\/comments?post=344"}],"version-history":[{"count":6,"href":"https:\/\/www.mlchailloux.fr\/index.php\/wp-json\/wp\/v2\/pages\/344\/revisions"}],"predecessor-version":[{"id":548,"href":"https:\/\/www.mlchailloux.fr\/index.php\/wp-json\/wp\/v2\/pages\/344\/revisions\/548"}],"wp:attachment":[{"href":"https:\/\/www.mlchailloux.fr\/index.php\/wp-json\/wp\/v2\/media?parent=344"}],"curies":[{"name":"wp","href":"https:\/\/api.w.org\/{rel}","templated":true}]}}