{"id":43,"date":"2025-11-23T07:58:15","date_gmt":"2025-11-23T07:58:15","guid":{"rendered":"https:\/\/www.mlchailloux.ovh\/?page_id=43"},"modified":"2025-12-17T21:38:02","modified_gmt":"2025-12-17T20:38:02","slug":"qui-suis-je","status":"publish","type":"page","link":"https:\/\/www.mlchailloux.fr\/index.php\/qui-suis-je\/","title":{"rendered":"Qui suis-je ?"},"content":{"rendered":"\n<h2 class=\"wp-block-heading\">Marie-Laure, Coach professionnelle &amp; Consultante en bilan de comp\u00e9tences<\/h2>\n\n\n\n<div class=\"wp-block-group is-nowrap is-layout-flex wp-container-core-group-is-layout-ad2f72ca wp-block-group-is-layout-flex\">\n<div class=\"wp-block-group\"><div class=\"wp-block-group__inner-container is-layout-constrained wp-block-group-is-layout-constrained\">\n<p>Je suis Marie-Laure, Coach professionnelle et Consultante en bilan de comp\u00e9tences. J\u2019accompagne celles et ceux qui souhaitent redonner du sens \u00e0 leur vie professionnelle, retrouver confiance et r\u00e9v\u00e9ler leur potentiel.<\/p>\n\n\n\n<p>Ce qui m\u2019anime profond\u00e9ment : comprendre l\u2019humain, ses comportements, ses \u00e9motions, ses motivations\u2026 et l\u2019aider \u00e0 r\u00e9v\u00e9ler son potentiel.<\/p>\n\n\n\n<p>Passionn\u00e9e de d\u00e9veloppement personnel, d\u2019intelligence \u00e9motionnelle et de relations humaines, je trouve mon \u00e9quilibre entre ma famille, mes amis, le sport et les moments pass\u00e9s dans la nature \u2013 surtout au bord de la mer, l\u00e0 o\u00f9 je me ressource le plus.<\/p>\n<\/div><\/div>\n<\/div>\n\n\n<div class=\"wp-block-image is-style-rounded\">\n<figure class=\"aligncenter size-full is-resized\"><img loading=\"lazy\" decoding=\"async\" width=\"1702\" height=\"2560\" src=\"http:\/\/www.mlchailloux.ovh\/wp-content\/uploads\/2025\/11\/DSCF6751-01-scaled.jpeg\" alt=\"\" class=\"wp-image-185\" style=\"aspect-ratio:1;object-fit:cover;width:500px\" srcset=\"https:\/\/www.mlchailloux.fr\/wp-content\/uploads\/2025\/11\/DSCF6751-01-scaled.jpeg 1702w, https:\/\/www.mlchailloux.fr\/wp-content\/uploads\/2025\/11\/DSCF6751-01-199x300.jpeg 199w\" sizes=\"auto, (max-width: 767px) 89vw, (max-width: 1000px) 54vw, (max-width: 1071px) 543px, 580px\" \/><\/figure>\n<\/div>\n\n\n<div style=\"height:23px\" aria-hidden=\"true\" class=\"wp-block-spacer\"><\/div>\n\n\n\n<h2 class=\"wp-block-heading\">Une histoire qui forge la force et l\u2019empathie<\/h2>\n\n\n\n<p>La vie m\u2019a confront\u00e9e tr\u00e8s t\u00f4t \u00e0 des \u00e9preuves qui m\u2019ont construite et rendue plus forte. Elles ont fait \u00e9merger une femme authentique, empathique, courageuse, tenace et int\u00e8gre.<br>Aujourd\u2019hui, j\u2019ai choisi une vie qui m\u2019inspire, centr\u00e9e sur l\u2019humain. J\u2019ai \u00e0 c\u0153ur d\u2019aider chacun \u00e0 retrouver du sens, de la confiance et une place juste dans sa vie personnelle et professionnelle.<\/p>\n\n\n\n<h2 class=\"wp-block-heading\">Un parcours RH riche et exigeant<\/h2>\n\n\n\n<p>Avant d\u2019\u00eatre Coach professionnelle, j\u2019ai suivi un parcours universitaire en droit : une licence en droit priv\u00e9, puis un Master 2 en Droit social et Management des Ressources Humaines.<br>Depuis plus de quinze ans, j\u2019\u00e9volue dans le domaine des ressources humaines, dont plusieurs ann\u00e9es en tant que Responsable RH et juriste en droit social. Aujourd\u2019hui, j\u2019exerce en tant que gestionnaire de carri\u00e8res.<\/p>\n\n\n\n<p class=\"has-text-align-left\">Ce parcours m\u2019a permis d\u2019accompagner dirigeants, managers et collaborateurs sur de nombreux sujets RH : recrutement, int\u00e9gration, formation, gestion des comp\u00e9tences et des parcours professionnels, accompagnement des mobilit\u00e9s, ruptures de contrat, contentieux prud\u2019homal, climat social\u2026<\/p>\n\n\n\n<p class=\"has-text-align-left\">Au fil des ann\u00e9es, j\u2019ai rencontr\u00e9 des collaborateurs fatigu\u00e9s, en perte de sens, en manque de reconnaissance, parfois m\u00eame au bord de l\u2019\u00e9puisement. J\u2019ai \u00e9galement observ\u00e9 des managers en difficult\u00e9 pour recruter, communiquer, int\u00e9grer ou g\u00e9rer les relations humaines au quotidien.<\/p>\n\n\n\n<p class=\"has-text-align-left\">Ces exp\u00e9riences ont nourri une conviction profonde : <strong>l\u2019humain est au c\u0153ur de toute organisation, et il a besoin d\u2019\u00eatre \u00e9cout\u00e9, compris et accompagn\u00e9 pour s\u2019\u00e9panouir pleinement.<\/strong><\/p>\n\n\n\n<div style=\"height:23px\" aria-hidden=\"true\" class=\"wp-block-spacer\"><\/div>\n\n\n<div class=\"wp-block-image is-style-rounded\">\n<figure class=\"aligncenter size-full is-resized\"><img loading=\"lazy\" decoding=\"async\" width=\"500\" height=\"500\" src=\"http:\/\/www.mlchailloux.ovh\/wp-content\/uploads\/2025\/11\/DSCF6565-02-1-scaled-e1764497096625.jpeg\" alt=\"\" class=\"wp-image-536\" style=\"aspect-ratio:1;object-fit:cover;width:500px\" srcset=\"https:\/\/www.mlchailloux.fr\/wp-content\/uploads\/2025\/11\/DSCF6565-02-1-scaled-e1764497096625.jpeg 500w, https:\/\/www.mlchailloux.fr\/wp-content\/uploads\/2025\/11\/DSCF6565-02-1-scaled-e1764497096625-300x300.jpeg 300w, https:\/\/www.mlchailloux.fr\/wp-content\/uploads\/2025\/11\/DSCF6565-02-1-scaled-e1764497096625-150x150.jpeg 150w, https:\/\/www.mlchailloux.fr\/wp-content\/uploads\/2025\/11\/DSCF6565-02-1-scaled-e1764497096625-100x100.jpeg 100w\" sizes=\"auto, (max-width: 500px) 100vw, 500px\" \/><\/figure>\n<\/div>\n\n\n<h2 class=\"wp-block-heading\">Le d\u00e9clic : mon propre bilan de comp\u00e9tences<\/h2>\n\n\n\n<p>J\u2019ai r\u00e9alis\u00e9 un bilan de comp\u00e9tences qui m\u2019a confirm\u00e9 ma vocation : \u00e9couter, guider, faire prendre conscience, aider chacun \u00e0 trouver sa voie\u2026 et \u00eatre cette personne de confiance qui permet de se relever et d\u2019avancer.<\/p>\n\n\n\n<h2 class=\"wp-block-heading\">Une formation d\u2019excellence et une transformation personnelle<\/h2>\n\n\n\n<p>Je me suis alors form\u00e9e aupr\u00e8s de Serenity Institut, une \u00e9cole reconnue pour son exigence et la profondeur de son enseignement.<\/p>\n\n\n\n<p>Cette formation a \u00e9t\u00e9 un v\u00e9ritable voyage int\u00e9rieur :<br>apprendre \u00e0 me conna\u00eetre, comprendre mes m\u00e9canismes, d\u00e9passer mes blessures, me lib\u00e9rer de mes automatismes, vivre pleinement l\u2019instant pr\u00e9sent.<br>Elle m\u2019a pr\u00e9par\u00e9e au m\u00e9tier de Coach personnelle et professionnelle, mais surtout, elle m\u2019a transform\u00e9e.<\/p>\n\n\n\n<p>J\u2019ai accompagn\u00e9 mes premiers coach\u00e9s durant cette formation\u2026 et la premi\u00e8re personne que j\u2019ai appris \u00e0 coacher \u2013 et que je coacherai toute ma vie \u2013 c\u2019est moi-m\u00eame.<br>L\u2019accomplissement de soi est un chemin sans fin.<\/p>\n\n\n\n<h2 class=\"wp-block-heading\">Ma mission aujourd\u2019hui<\/h2>\n\n\n\n<p>Coach professionnelle certifi\u00e9e et consultante en bilan de comp\u00e9tences, j\u2019accompagne aujourd\u2019hui les managers et les collaborateurs qui traversent une perte de sens, un manque de motivation ou des difficult\u00e9s relationnelles dans leur vie professionnelle.<\/p>\n\n\n\n<p>Mon r\u00f4le :<br><strong>vous aider \u00e0 redevenir acteur de votre vie, \u00e0 retrouver du plaisir au travail, \u00e0 r\u00e9v\u00e9ler votre potentiel et \u00e0 incarner qui vous souhaitez r\u00e9ellement \u00eatre.<\/strong><\/p>\n\n\n\n<p>J\u2019ai fait ce chemin.<br>Aujourd\u2019hui, je mets mon exp\u00e9rience, mon \u00e9coute et mes comp\u00e9tences au service de ceux qui souhaitent, eux aussi, retrouver leur voie.<\/p>\n\n\n<div class=\"wp-block-image is-style-rounded wp-duotone-unset-1\">\n<figure class=\"aligncenter size-full is-resized\"><img loading=\"lazy\" decoding=\"async\" width=\"541\" height=\"500\" src=\"http:\/\/www.mlchailloux.ovh\/wp-content\/uploads\/2025\/11\/IMG_1028-scaled-e1764497570625.jpg\" alt=\"\" class=\"wp-image-538\" style=\"aspect-ratio:1;object-fit:cover;width:500px\" srcset=\"https:\/\/www.mlchailloux.fr\/wp-content\/uploads\/2025\/11\/IMG_1028-scaled-e1764497570625.jpg 541w, https:\/\/www.mlchailloux.fr\/wp-content\/uploads\/2025\/11\/IMG_1028-scaled-e1764497570625-300x277.jpg 300w\" sizes=\"auto, (max-width: 541px) 100vw, 541px\" \/><\/figure>\n<\/div>","protected":false},"excerpt":{"rendered":"<p>Marie-Laure, Coach professionnelle &amp; Consultante en bilan de comp\u00e9tences Je suis Marie-Laure, Coach professionnelle et Consultante en bilan de comp\u00e9tences. J\u2019accompagne celles et ceux qui souhaitent redonner du sens \u00e0 &hellip; <\/p>\n<p class=\"link-more\"><a href=\"https:\/\/www.mlchailloux.fr\/index.php\/qui-suis-je\/\" class=\"more-link\">Continuer la lecture<span class=\"screen-reader-text\"> de &laquo;&nbsp;Qui suis-je ?&nbsp;&raquo;<\/span><\/a><\/p>\n","protected":false},"author":1,"featured_media":0,"parent":0,"menu_order":0,"comment_status":"closed","ping_status":"closed","template":"","meta":{"footnotes":""},"class_list":["post-43","page","type-page","status-publish","hentry"],"_links":{"self":[{"href":"https:\/\/www.mlchailloux.fr\/index.php\/wp-json\/wp\/v2\/pages\/43","targetHints":{"allow":["GET"]}}],"collection":[{"href":"https:\/\/www.mlchailloux.fr\/index.php\/wp-json\/wp\/v2\/pages"}],"about":[{"href":"https:\/\/www.mlchailloux.fr\/index.php\/wp-json\/wp\/v2\/types\/page"}],"author":[{"embeddable":true,"href":"https:\/\/www.mlchailloux.fr\/index.php\/wp-json\/wp\/v2\/users\/1"}],"replies":[{"embeddable":true,"href":"https:\/\/www.mlchailloux.fr\/index.php\/wp-json\/wp\/v2\/comments?post=43"}],"version-history":[{"count":57,"href":"https:\/\/www.mlchailloux.fr\/index.php\/wp-json\/wp\/v2\/pages\/43\/revisions"}],"predecessor-version":[{"id":577,"href":"https:\/\/www.mlchailloux.fr\/index.php\/wp-json\/wp\/v2\/pages\/43\/revisions\/577"}],"wp:attachment":[{"href":"https:\/\/www.mlchailloux.fr\/index.php\/wp-json\/wp\/v2\/media?parent=43"}],"curies":[{"name":"wp","href":"https:\/\/api.w.org\/{rel}","templated":true}]}}