{"id":47,"date":"2025-11-23T07:58:15","date_gmt":"2025-11-23T07:58:15","guid":{"rendered":"https:\/\/www.mlchailloux.ovh\/?page_id=47"},"modified":"2025-12-17T22:03:54","modified_gmt":"2025-12-17T21:03:54","slug":"luminotherapie-et-relaxation","status":"publish","type":"page","link":"https:\/\/www.mlchailloux.fr\/index.php\/mes-prestations\/luminotherapie-et-relaxation\/","title":{"rendered":"Luminoth\u00e9rapie et relaxation"},"content":{"rendered":"\n<h2 class=\"wp-block-heading has-large-font-size\">V\u00e9ritable outil de d\u00e9veloppement personnel et audiocament<\/h2>\n\n\n\n<h2 class=\"wp-block-heading\" style=\"font-size:25px\">Le PSiO : un outil innovant pour retrouver calme, \u00e9nergie et clart\u00e9 d\u2019esprit<\/h2>\n\n\n\n<p>Le <strong>PSiO<\/strong> est une technologie de <strong>relaxation et de stimulation positive<\/strong> qui combine <strong>luminoth\u00e9rapie<\/strong>, <strong>relaxation sonore<\/strong> et <strong>suggestions guid\u00e9es<\/strong>.<br>Utilis\u00e9 depuis plus de 25 ans par des professionnels de la sant\u00e9, des psychologues et m\u00eame la <strong>NASA<\/strong>, il aide \u00e0 r\u00e9guler les cycles du sommeil, r\u00e9duire le stress et renforcer la concentration.<\/p>\n\n\n\n<p>Concr\u00e8tement, le PSiO se pr\u00e9sente sous forme de <strong>lunettes \u00e9quip\u00e9es de LED et d\u2019\u00e9couteurs<\/strong>, diffusant simultan\u00e9ment <strong>des lumi\u00e8res color\u00e9es apaisantes<\/strong> et <strong>des messages audio relaxants ou motivants<\/strong>.<br>Cette combinaison agit directement sur le cerveau pour favoriser <strong>la d\u00e9tente, la r\u00e9cup\u00e9ration mentale et le l\u00e2cher-prise<\/strong>.<\/p>\n\n\n<div class=\"wp-block-image is-style-rounded\">\n<figure class=\"aligncenter size-full is-resized\"><img loading=\"lazy\" decoding=\"async\" width=\"328\" height=\"328\" src=\"https:\/\/www.mlchailloux.ovh\/wp-content\/uploads\/2025\/11\/psio-entreprise.png\" alt=\"\" class=\"wp-image-169\" style=\"width:500px\" srcset=\"https:\/\/www.mlchailloux.fr\/wp-content\/uploads\/2025\/11\/psio-entreprise.png 328w, https:\/\/www.mlchailloux.fr\/wp-content\/uploads\/2025\/11\/psio-entreprise-300x300.png 300w, https:\/\/www.mlchailloux.fr\/wp-content\/uploads\/2025\/11\/psio-entreprise-150x150.png 150w, https:\/\/www.mlchailloux.fr\/wp-content\/uploads\/2025\/11\/psio-entreprise-100x100.png 100w\" sizes=\"auto, (max-width: 328px) 100vw, 328px\" \/><\/figure>\n<\/div>\n\n\n<h2 class=\"wp-block-heading\" style=\"font-size:25px\">Les bienfaits du PSiO :<\/h2>\n\n\n\n<h3 class=\"wp-block-heading\">Plusieurs programmes existent pour vous aider :<\/h3>\n\n\n\n<div class=\"wp-block-columns is-layout-flex wp-container-core-columns-is-layout-9d6595d7 wp-block-columns-is-layout-flex\">\n<div class=\"wp-block-column is-layout-flow wp-block-column-is-layout-flow\">\n<ul class=\"wp-block-list\">\n<li>A vaincre les <strong>insomnies et r\u00e9duire la fatigue<\/strong>,<\/li>\n\n\n\n<li>Dans la <strong>gestion du stress et des angoisses<\/strong>,<\/li>\n\n\n\n<li>A vaincre vos <strong>addictions<\/strong> (arr\u00eat du tabac, alcool, sucre\u2026),<\/li>\n\n\n\n<li>A <strong>l\u00e2cher prise<\/strong> et diminuer le <strong>surmenage<\/strong>,<\/li>\n\n\n\n<li><strong>Perdre du poids<\/strong> (se lib\u00e9rer du sucre, g\u00e9rer son app\u00e9tit, boulimie&#8230;etc)<\/li>\n<\/ul>\n<\/div>\n\n\n\n<div class=\"wp-block-column is-layout-flow wp-block-column-is-layout-flow\">\n<ul class=\"wp-block-list\">\n<li>Dans la gestion de <strong>maladie<\/strong> (d\u00e9pression, fybromyalgie, anorexie, irritation du c\u00f4lon, maux de t\u00eate&#8230;etc),<\/li>\n\n\n\n<li><strong>D\u00e9velopper la confiance en soi<\/strong>, la <strong>r\u00e9ussite<\/strong> dans son projet et pour son entreprise,<\/li>\n\n\n\n<li><strong>M\u00e9diter<\/strong>, pratiquer la <strong>coh\u00e9rence cardiaque<\/strong>,<\/li>\n\n\n\n<li>A vous <strong>sentir bien<\/strong> dans votre vie !<\/li>\n<\/ul>\n<\/div>\n<\/div>\n\n\n\n<h2 class=\"wp-block-heading\" style=\"font-size:25px\">Un compl\u00e9ment puissant \u00e0 votre accompagnement<\/h2>\n\n\n\n<p>Le PSiO est utilis\u00e9 lors de certaines s\u00e9ances pour <strong>favoriser la d\u00e9tente et l\u2019ouverture \u00e9motionnelle<\/strong>, rendant le travail de coaching encore plus efficace.<br>Il permet d\u2019ancrer durablement les transformations en aidant votre cerveau \u00e0 int\u00e9grer plus facilement les changements positifs initi\u00e9s lors des s\u00e9ances.<\/p>\n\n\n<div class=\"wp-block-image is-style-rounded\">\n<figure class=\"aligncenter size-large is-resized\"><img loading=\"lazy\" decoding=\"async\" width=\"768\" height=\"1024\" src=\"https:\/\/www.mlchailloux.ovh\/wp-content\/uploads\/2025\/11\/developpement-personnel-coaching-768x1024.jpg\" alt=\"\" class=\"wp-image-170\" style=\"aspect-ratio:1;object-fit:cover;width:500px\" srcset=\"https:\/\/www.mlchailloux.fr\/wp-content\/uploads\/2025\/11\/developpement-personnel-coaching-768x1024.jpg 768w, https:\/\/www.mlchailloux.fr\/wp-content\/uploads\/2025\/11\/developpement-personnel-coaching-225x300.jpg 225w, https:\/\/www.mlchailloux.fr\/wp-content\/uploads\/2025\/11\/developpement-personnel-coaching-1152x1536.jpg 1152w, https:\/\/www.mlchailloux.fr\/wp-content\/uploads\/2025\/11\/developpement-personnel-coaching.jpg 1536w\" sizes=\"auto, (max-width: 767px) 89vw, (max-width: 1000px) 54vw, (max-width: 1071px) 543px, 580px\" \/><\/figure>\n<\/div>\n\n\n<h2 class=\"wp-block-heading\" style=\"font-size:25px\">Exp\u00e9rimentez le PSiO<\/h2>\n\n\n\n<div class=\"wp-block-columns is-layout-flex wp-container-core-columns-is-layout-9d6595d7 wp-block-columns-is-layout-flex\">\n<div class=\"wp-block-column is-layout-flow wp-block-column-is-layout-flow\">\n<h3 class=\"wp-block-heading\">Offrez ou offrez-vous une s\u00e9ance d\u00e9couverte !<\/h3>\n\n\n\n<p>Vous \u00eates curieux ? Le meilleur moyen de bien comprendre l\u2019efficacit\u00e9 des lunettes PSIO, c\u2019est bien s\u00fbr de les tester !<\/p>\n\n\n\n<p>Sans engagement, ni obligation d\u2019achat, <strong>je vous offre une s\u00e9ance de d\u00e9couverte GRATUITE<\/strong>.<\/p>\n<\/div>\n\n\n\n<div class=\"wp-block-column is-layout-flow wp-block-column-is-layout-flow\">\n<h3 class=\"wp-block-heading\">S\u00e9ances et ateliers bien-\u00eatre<\/h3>\n\n\n\n<p>Je propose des <strong>s\u00e9ances d\u00e9couvertes individuelles<\/strong> <strong>ou collectives<\/strong> afin que vous puissiez ressentir par vous-m\u00eame les bienfaits de cet outil.<br>Chaque exp\u00e9rience est personnalis\u00e9e selon vos besoins : gestion du stress, sommeil, confiance, concentration, ou simplement d\u00e9tente profonde.<\/p>\n<\/div>\n<\/div>\n\n\n\n<hr class=\"wp-block-separator has-alpha-channel-opacity\"\/>\n\n\n\n<h2 class=\"wp-block-heading has-text-align-center\" style=\"font-size:25px\">Tarifs des s\u00e9ances de PSIO :<\/h2>\n\n\n\n<div class=\"wp-block-columns is-layout-flex wp-container-core-columns-is-layout-9d6595d7 wp-block-columns-is-layout-flex\">\n<div class=\"wp-block-column is-layout-flow wp-block-column-is-layout-flow\"><\/div>\n\n\n\n<div class=\"wp-block-column is-layout-flow wp-block-column-is-layout-flow\">\n<ul class=\"wp-block-list\">\n<li>Tarif 1 s\u00e9ance : 20\u20ac<\/li>\n\n\n\n<li>Forfait 5 s\u00e9ances : 85\u20ac<\/li>\n\n\n\n<li>Forfait 10 s\u00e9ances : 160 \u20ac<\/li>\n<\/ul>\n<\/div>\n\n\n\n<div class=\"wp-block-column is-layout-flow wp-block-column-is-layout-flow\"><\/div>\n<\/div>\n\n\n<div class=\"wp-block-image is-style-rounded\">\n<figure class=\"aligncenter size-full is-resized\"><img decoding=\"async\" src=\"http:\/\/www.mlchailloux.ovh\/wp-content\/uploads\/2025\/11\/IMG_1286.jpg\" alt=\"\" class=\"wp-image-178\" style=\"aspect-ratio:1;object-fit:cover;width:500px\"\/><\/figure>\n<\/div>\n\n\n<blockquote class=\"wp-block-quote is-layout-flow wp-block-quote-is-layout-flow\"><\/blockquote>\n\n\n\n<figure class=\"wp-block-embed is-type-video is-provider-youtube wp-block-embed-youtube wp-embed-aspect-16-9 wp-has-aspect-ratio\"><div class=\"wp-block-embed__wrapper\">\n<iframe loading=\"lazy\" title=\"PSiO\u00ae : le film\" width=\"525\" height=\"295\" src=\"https:\/\/www.youtube.com\/embed\/wVTin6lAlSk?feature=oembed\" frameborder=\"0\" allow=\"accelerometer; autoplay; clipboard-write; encrypted-media; gyroscope; picture-in-picture; web-share\" referrerpolicy=\"strict-origin-when-cross-origin\" allowfullscreen><\/iframe>\n<\/div><\/figure>\n\n\n\n<div style=\"height:21px\" aria-hidden=\"true\" class=\"wp-block-spacer\"><\/div>\n\n\n\n<hr class=\"wp-block-separator has-text-color has-alpha-channel-opacity has-background is-style-default\" style=\"background-color:#4ebcc2;color:#4ebcc2\"\/>\n\n\n\n<h2 class=\"wp-block-heading has-text-align-center\">Curieux du PSIO ?<\/h2>\n\n\n\n<p class=\"has-text-align-center\" style=\"line-height:1\">S\u00e9ance d\u00e9couverte gratuite<\/p>\n\n\n\n<h2 class=\"wp-block-heading has-text-align-center\">Envie de tester chez vous ?<\/h2>\n\n\n\n<p class=\"has-text-align-center\" style=\"line-height:1\"><em>14 jours d&rsquo;essai, satisfait ou rembours\u00e9<\/em><\/p>\n\n\n\n<div class=\"wp-block-buttons is-content-justification-center is-layout-flex wp-container-core-buttons-is-layout-16018d1d wp-block-buttons-is-layout-flex\">\n<div class=\"wp-block-button\"><a class=\"wp-block-button__link has-background wp-element-button\" href=\"https:\/\/www.mlchailloux.ovh\/index.php\/rendez-vous-psio\/\" style=\"background-color:#00b5bc\">R\u00e9servez ma premi\u00e8re s\u00e9ance<\/a><\/div>\n<\/div>\n\n\n\n<div style=\"height:40px\" aria-hidden=\"true\" class=\"wp-block-spacer\"><\/div>\n\n\n\n<figure class=\"wp-block-embed is-type-video is-provider-youtube wp-block-embed-youtube wp-embed-aspect-16-9 wp-has-aspect-ratio\"><div class=\"wp-block-embed__wrapper\">\n<iframe loading=\"lazy\" title=\"Le PSiO, une alternative aux drogues et aux m\u00e9dicaments\" width=\"525\" height=\"295\" src=\"https:\/\/www.youtube.com\/embed\/RYCeTPChHzE?feature=oembed\" frameborder=\"0\" allow=\"accelerometer; autoplay; clipboard-write; encrypted-media; gyroscope; picture-in-picture; web-share\" referrerpolicy=\"strict-origin-when-cross-origin\" allowfullscreen><\/iframe>\n<\/div><\/figure>\n\n\n\n<h2 class=\"wp-block-heading has-text-align-center\" style=\"line-height:0\"><\/h2>\n\n\n\n<p class=\"has-small-font-size\"><em><strong>Important <\/strong>: pour toute personne en bonne sant\u00e9, l&rsquo;utilisation du PSiO ne comporte aucun danger et aucun effet secondaire n&rsquo;est connu en trente ans d&rsquo;utilisation sur des centaines de milliers d&rsquo;utilisateurs. Cependant, il existe des situations o\u00f9 il est pr\u00e9f\u00e9rable de consulter votre m\u00e9decin traitant avant d&rsquo;utiliser le PSiO notamment si vous souffrez du c\u0153ur, du syst\u00e8me nerveux ou du cerveau. Par exemple, il est strictement contre-indiqu\u00e9 d&rsquo;utiliser le PSiO si vous \u00eates atteints d&rsquo;\u00e9pilepsie photosensible. Il est imp\u00e9ratif de m&rsquo;en informer au pr\u00e9alable et de consultez votre m\u00e9decin traitant si vous avez des doutes ou des questions \u00e0 ce sujet. Veuillez noter que la soci\u00e9t\u00e9 PSYCHOMED ne fait aucune promesse de traitement de quoique ce soit \u00e0 l&rsquo;aide du PSiO, celui-ci \u00e9tant simplement un appareil de profonde relaxation pour l&rsquo;esprit<\/em><\/p>\n","protected":false},"excerpt":{"rendered":"<p>V\u00e9ritable outil de d\u00e9veloppement personnel et audiocament Le PSiO : un outil innovant pour retrouver calme, \u00e9nergie et clart\u00e9 d\u2019esprit Le PSiO est une technologie de relaxation et de stimulation &hellip; <\/p>\n<p class=\"link-more\"><a href=\"https:\/\/www.mlchailloux.fr\/index.php\/mes-prestations\/luminotherapie-et-relaxation\/\" class=\"more-link\">Continuer la lecture<span class=\"screen-reader-text\"> de &laquo;&nbsp;Luminoth\u00e9rapie et relaxation&nbsp;&raquo;<\/span><\/a><\/p>\n","protected":false},"author":1,"featured_media":0,"parent":44,"menu_order":0,"comment_status":"closed","ping_status":"closed","template":"","meta":{"footnotes":""},"class_list":["post-47","page","type-page","status-publish","hentry"],"_links":{"self":[{"href":"https:\/\/www.mlchailloux.fr\/index.php\/wp-json\/wp\/v2\/pages\/47","targetHints":{"allow":["GET"]}}],"collection":[{"href":"https:\/\/www.mlchailloux.fr\/index.php\/wp-json\/wp\/v2\/pages"}],"about":[{"href":"https:\/\/www.mlchailloux.fr\/index.php\/wp-json\/wp\/v2\/types\/page"}],"author":[{"embeddable":true,"href":"https:\/\/www.mlchailloux.fr\/index.php\/wp-json\/wp\/v2\/users\/1"}],"replies":[{"embeddable":true,"href":"https:\/\/www.mlchailloux.fr\/index.php\/wp-json\/wp\/v2\/comments?post=47"}],"version-history":[{"count":32,"href":"https:\/\/www.mlchailloux.fr\/index.php\/wp-json\/wp\/v2\/pages\/47\/revisions"}],"predecessor-version":[{"id":581,"href":"https:\/\/www.mlchailloux.fr\/index.php\/wp-json\/wp\/v2\/pages\/47\/revisions\/581"}],"up":[{"embeddable":true,"href":"https:\/\/www.mlchailloux.fr\/index.php\/wp-json\/wp\/v2\/pages\/44"}],"wp:attachment":[{"href":"https:\/\/www.mlchailloux.fr\/index.php\/wp-json\/wp\/v2\/media?parent=47"}],"curies":[{"name":"wp","href":"https:\/\/api.w.org\/{rel}","templated":true}]}}